{"id":64,"date":"2023-08-26T22:22:02","date_gmt":"2023-08-26T20:22:02","guid":{"rendered":"https:\/\/kancelariastrzala.pl\/?page_id=64"},"modified":"2025-12-10T23:06:18","modified_gmt":"2025-12-10T22:06:18","slug":"kim-jestem","status":"publish","type":"page","link":"https:\/\/kancelariastrzala.pl\/","title":{"rendered":"Radca prawny"},"content":{"rendered":"\n<p><\/p>\n\n\n\n<p class=\"has-text-align-center\"><strong>tel. +48<\/strong> <strong>530 090 509<\/strong><br><strong><a href=\"mailto:kancelariastrzala@gmail.com\">kancelariastrzala@gmail.com<\/a><\/strong><br><strong>ul. Pszczy\u0144ska 25, 43-190 Miko\u0142\u00f3w<\/strong><br><strong>Poniedzia\u0142ek \u2013 pi\u0105tek: 9:00 &#8211; 17:00<\/strong><\/p>\n\n\n\n<ul class=\"wp-block-social-links aligncenter is-content-justification-center is-layout-flex wp-container-core-social-links-is-layout-16018d1d wp-block-social-links-is-layout-flex\"><li class=\"wp-social-link wp-social-link-facebook  wp-block-social-link\"><a href=\"https:\/\/www.facebook.com\/profile.php?id=61554338033411\" class=\"wp-block-social-link-anchor\"><svg width=\"24\" height=\"24\" viewBox=\"0 0 24 24\" version=\"1.1\" xmlns=\"http:\/\/www.w3.org\/2000\/svg\" aria-hidden=\"true\" focusable=\"false\"><path d=\"M12 2C6.5 2 2 6.5 2 12c0 5 3.7 9.1 8.4 9.9v-7H7.9V12h2.5V9.8c0-2.5 1.5-3.9 3.8-3.9 1.1 0 2.2.2 2.2.2v2.5h-1.3c-1.2 0-1.6.8-1.6 1.6V12h2.8l-.4 2.9h-2.3v7C18.3 21.1 22 17 22 12c0-5.5-4.5-10-10-10z\"><\/path><\/svg><span class=\"wp-block-social-link-label screen-reader-text\">Facebook<\/span><\/a><\/li>\n\n<li class=\"wp-social-link wp-social-link-instagram  wp-block-social-link\"><a href=\"https:\/\/www.instagram.com\/kancelariastrzala\/\" class=\"wp-block-social-link-anchor\"><svg width=\"24\" height=\"24\" viewBox=\"0 0 24 24\" version=\"1.1\" xmlns=\"http:\/\/www.w3.org\/2000\/svg\" aria-hidden=\"true\" focusable=\"false\"><path d=\"M12,4.622c2.403,0,2.688,0.009,3.637,0.052c0.877,0.04,1.354,0.187,1.671,0.31c0.42,0.163,0.72,0.358,1.035,0.673 c0.315,0.315,0.51,0.615,0.673,1.035c0.123,0.317,0.27,0.794,0.31,1.671c0.043,0.949,0.052,1.234,0.052,3.637 s-0.009,2.688-0.052,3.637c-0.04,0.877-0.187,1.354-0.31,1.671c-0.163,0.42-0.358,0.72-0.673,1.035 c-0.315,0.315-0.615,0.51-1.035,0.673c-0.317,0.123-0.794,0.27-1.671,0.31c-0.949,0.043-1.233,0.052-3.637,0.052 s-2.688-0.009-3.637-0.052c-0.877-0.04-1.354-0.187-1.671-0.31c-0.42-0.163-0.72-0.358-1.035-0.673 c-0.315-0.315-0.51-0.615-0.673-1.035c-0.123-0.317-0.27-0.794-0.31-1.671C4.631,14.688,4.622,14.403,4.622,12 s0.009-2.688,0.052-3.637c0.04-0.877,0.187-1.354,0.31-1.671c0.163-0.42,0.358-0.72,0.673-1.035 c0.315-0.315,0.615-0.51,1.035-0.673c0.317-0.123,0.794-0.27,1.671-0.31C9.312,4.631,9.597,4.622,12,4.622 M12,3 C9.556,3,9.249,3.01,8.289,3.054C7.331,3.098,6.677,3.25,6.105,3.472C5.513,3.702,5.011,4.01,4.511,4.511 c-0.5,0.5-0.808,1.002-1.038,1.594C3.25,6.677,3.098,7.331,3.054,8.289C3.01,9.249,3,9.556,3,12c0,2.444,0.01,2.751,0.054,3.711 c0.044,0.958,0.196,1.612,0.418,2.185c0.23,0.592,0.538,1.094,1.038,1.594c0.5,0.5,1.002,0.808,1.594,1.038 c0.572,0.222,1.227,0.375,2.185,0.418C9.249,20.99,9.556,21,12,21s2.751-0.01,3.711-0.054c0.958-0.044,1.612-0.196,2.185-0.418 c0.592-0.23,1.094-0.538,1.594-1.038c0.5-0.5,0.808-1.002,1.038-1.594c0.222-0.572,0.375-1.227,0.418-2.185 C20.99,14.751,21,14.444,21,12s-0.01-2.751-0.054-3.711c-0.044-0.958-0.196-1.612-0.418-2.185c-0.23-0.592-0.538-1.094-1.038-1.594 c-0.5-0.5-1.002-0.808-1.594-1.038c-0.572-0.222-1.227-0.375-2.185-0.418C14.751,3.01,14.444,3,12,3L12,3z M12,7.378 c-2.552,0-4.622,2.069-4.622,4.622S9.448,16.622,12,16.622s4.622-2.069,4.622-4.622S14.552,7.378,12,7.378z M12,15 c-1.657,0-3-1.343-3-3s1.343-3,3-3s3,1.343,3,3S13.657,15,12,15z M16.804,6.116c-0.596,0-1.08,0.484-1.08,1.08 s0.484,1.08,1.08,1.08c0.596,0,1.08-0.484,1.08-1.08S17.401,6.116,16.804,6.116z\"><\/path><\/svg><span class=\"wp-block-social-link-label screen-reader-text\">Instagram<\/span><\/a><\/li>\n\n<li class=\"wp-social-link wp-social-link-linkedin  wp-block-social-link\"><a href=\"https:\/\/www.linkedin.com\/in\/agata-strza%C5%82a-5bb904269\/?originalSubdomain=pl\" class=\"wp-block-social-link-anchor\"><svg width=\"24\" height=\"24\" viewBox=\"0 0 24 24\" version=\"1.1\" xmlns=\"http:\/\/www.w3.org\/2000\/svg\" aria-hidden=\"true\" focusable=\"false\"><path d=\"M19.7,3H4.3C3.582,3,3,3.582,3,4.3v15.4C3,20.418,3.582,21,4.3,21h15.4c0.718,0,1.3-0.582,1.3-1.3V4.3 C21,3.582,20.418,3,19.7,3z M8.339,18.338H5.667v-8.59h2.672V18.338z M7.004,8.574c-0.857,0-1.549-0.694-1.549-1.548 c0-0.855,0.691-1.548,1.549-1.548c0.854,0,1.547,0.694,1.547,1.548C8.551,7.881,7.858,8.574,7.004,8.574z M18.339,18.338h-2.669 v-4.177c0-0.996-0.017-2.278-1.387-2.278c-1.389,0-1.601,1.086-1.601,2.206v4.249h-2.667v-8.59h2.559v1.174h0.037 c0.356-0.675,1.227-1.387,2.526-1.387c2.703,0,3.203,1.779,3.203,4.092V18.338z\"><\/path><\/svg><span class=\"wp-block-social-link-label screen-reader-text\">LinkedIn<\/span><\/a><\/li><\/ul>\n\n\n\n<hr class=\"wp-block-separator has-alpha-channel-opacity\"\/>\n\n\n\n<p><strong>Dzie\u0144 dobry, jest mi niezmiernie mi\u0142o przywita\u0107 Pa\u0144stwa na stronie Kancelarii.<\/strong><\/p>\n\n\n\n<p class=\"has-text-align-left\">Nazywam si\u0119 Agata Strza\u0142a i jestem radc\u0105 prawnym prowadz\u0105cym Kancelari\u0119 Radcy Prawnego w Miko\u0142owie.<\/p>\n\n\n\n<p>\u015awiadcz\u0119 us\u0142ugi prawne dla Klient\u00f3w indywidualnych oraz podmiot\u00f3w gospodarczych.<\/p>\n\n\n\n<p>Serdecznie zapraszam do odwiedzenia zak\u0142adki <strong><a href=\"https:\/\/kancelariastrzala.pl\/?page_id=67\" title=\"\">BLOG<\/a><\/strong> oraz do zaobserwowania profilu Kancelarii na Facebooku, aby by\u0107 na bie\u017c\u0105co ze wszystkimi publikowanymi materia\u0142ami, w kt\u00f3rych bezp\u0142atnie dziel\u0119 si\u0119 z Pa\u0144stwem swoj\u0105 wiedz\u0105 i do\u015bwiadczeniem.<\/p>\n\n\n\n<hr class=\"wp-block-separator has-alpha-channel-opacity\"\/>\n\n\n\n<ul class=\"wp-block-list\">\n<li><strong>JASNE ZASADY WSP\u00d3\u0141PRACY<\/strong> &#8211; serdecznie zapraszam do zak\u0142adek <strong><a href=\"https:\/\/kancelariastrzala.pl\/?page_id=90\" title=\"\">KONSULTACJA<\/a> <\/strong>oraz <a href=\"https:\/\/kancelariastrzala.pl\/?page_id=89\" title=\"\"><strong>WYNAGRODZENIE<\/strong><\/a>, gdzie znajd\u0105 Pa\u0144stwo wszystkie niezb\u0119dne informacje.<\/li>\n\n\n\n<li><strong>INDYWIDUALNE PODEJ\u015aCIE<\/strong> &#8211; do ka\u017cdej sprawy podchodz\u0119 indywidualne, bior\u0105c pod uwag\u0119 Pa\u0144stwa potrzeby oraz oczekiwania, aby m\u00f3c zapewni\u0107 najwy\u017csz\u0105 jako\u015b\u0107 udzielanej pomocy prawnej.<\/li>\n\n\n\n<li><strong>ZAANGA\u017bOWANIE<\/strong> &#8211; \u015bwiadcz\u0119 pomoc prawn\u0105 osobi\u015bcie, z pe\u0142nym zaanga\u017cowaniem. Powierzone sprawy prowadz\u0119 w taki spos\u00f3b, w jaki sama chcia\u0142abym, aby moja sprawa zosta\u0142a poprowadzona. Wskazuj\u0119 swoim Klientom mo\u017cliwe rozwi\u0105zania i pomagam wybra\u0107 najkorzystniejsze z nich.<\/li>\n\n\n\n<li><strong>POUFNO\u015a\u0106<\/strong> &#8211; zachowuj\u0119 w tajemnicy wszystko, o czym dowiem si\u0119 podczas udzielania porad prawnych oraz prowadz\u0105c dana spraw\u0119. Jako radca prawny jestem zobowi\u0105zana do zachowania tajemnicy zawodowej.<\/li>\n<\/ul>\n\n\n\n<hr class=\"wp-block-separator has-alpha-channel-opacity\"\/>\n\n\n\n<p class=\"has-text-align-left\"><\/p>\n\n\n\n<div class=\"wp-block-media-text is-stacked-on-mobile\"><figure class=\"wp-block-media-text__media\"><img loading=\"lazy\" decoding=\"async\" width=\"1024\" height=\"1024\" src=\"https:\/\/kancelariastrzala.pl\/wp-content\/uploads\/2024\/04\/Beige-Aesthetic-Meet-Me-Instagram-Post-1-1024x1024.png\" alt=\"\" class=\"wp-image-964 size-full\" srcset=\"https:\/\/kancelariastrzala.pl\/wp-content\/uploads\/2024\/04\/Beige-Aesthetic-Meet-Me-Instagram-Post-1-1024x1024.png 1024w, https:\/\/kancelariastrzala.pl\/wp-content\/uploads\/2024\/04\/Beige-Aesthetic-Meet-Me-Instagram-Post-1-300x300.png 300w, https:\/\/kancelariastrzala.pl\/wp-content\/uploads\/2024\/04\/Beige-Aesthetic-Meet-Me-Instagram-Post-1-150x150.png 150w, https:\/\/kancelariastrzala.pl\/wp-content\/uploads\/2024\/04\/Beige-Aesthetic-Meet-Me-Instagram-Post-1-768x768.png 768w, https:\/\/kancelariastrzala.pl\/wp-content\/uploads\/2024\/04\/Beige-Aesthetic-Meet-Me-Instagram-Post-1-75x75.png 75w, https:\/\/kancelariastrzala.pl\/wp-content\/uploads\/2024\/04\/Beige-Aesthetic-Meet-Me-Instagram-Post-1.png 1080w\" sizes=\"auto, (max-width: 1024px) 100vw, 1024px\" \/><\/figure><div class=\"wp-block-media-text__content\">\n<p class=\"has-text-align-left\">W 2016 r. uko\u0144czy\u0142am studia prawnicze na Wydziale Prawa i Administracji Uniwersytetu Opolskiego.<\/p>\n\n\n\n<p class=\"has-text-align-left\">Nast\u0119pnie w latach 2017 &#8211; 2020 odbywa\u0142am aplikacj\u0119 radcowsk\u0105 przy Okr\u0119gowej Izbie Radc\u00f3w Prawnych w Katowicach, kt\u00f3r\u0105 uko\u0144czy\u0142am sk\u0142adaj\u0105c egzamin zawodowy z wynikiem pozytywnym, uzyskuj\u0105c jednocze\u015bnie uprawnienia radcy prawnego.<\/p>\n\n\n\n<p>Do\u015bwiadczenie zawodowe zdobywa\u0142am ju\u017c w okresie aplikacji radcowskiej, odbywaj\u0105c praktyki w S\u0105dach i Prokuraturze, a nast\u0119pnie pracuj\u0105c w Kancelarii Radcy Prawnego, w kt\u00f3rej prowadzi\u0142am sprawy Klient\u00f3w indywidualnych na etapie post\u0119powania s\u0105dowego oraz egzekucyjnego.<\/p>\n\n\n\n<p>Od 2023 r. prowadz\u0119 Kancelari\u0119 Radcy Prawnego w Miko\u0142owie, udzielaj\u0105c pomocy prawnej Klientom oraz wsp\u00f3\u0142pracuj\u0105c z firmami.<\/p>\n\n\n\n<p>Posiadam 10-letnie do\u015bwiadczenie w bie\u017c\u0105cej i kompleksowej obs\u0142udze prawnej podmiotu gospodarczego z bran\u017cy medycznej.<\/p>\n<\/div><\/div>\n","protected":false},"excerpt":{"rendered":"<p>tel. +48 530 090 509kancelariastrzala@gmail.comul. Pszczy\u0144ska 25, 43-190 Miko\u0142\u00f3wPoniedzia\u0142ek \u2013 pi\u0105tek: 9:00 &#8211; 17:00 Dzie\u0144 dobry, jest mi niezmiernie mi\u0142o przywita\u0107 Pa\u0144stwa na stronie Kancelarii. Nazywam si\u0119 Agata Strza\u0142a i jestem radc\u0105 prawnym prowadz\u0105cym Kancelari\u0119 Radcy Prawnego w Miko\u0142owie. \u015awiadcz\u0119 us\u0142ugi prawne dla Klient\u00f3w indywidualnych oraz podmiot\u00f3w gospodarczych. Serdecznie zapraszam do odwiedzenia zak\u0142adki BLOG oraz do zaobserwowania profilu Kancelarii na Facebooku, aby by\u0107 na bie\u017c\u0105co ze wszystkimi publikowanymi materia\u0142ami, w kt\u00f3rych bezp\u0142atnie dziel\u0119 si\u0119 z Pa\u0144stwem swoj\u0105 wiedz\u0105 i do\u015bwiadczeniem. W 2016 r. uko\u0144czy\u0142am studia prawnicze na Wydziale Prawa i Administracji Uniwersytetu Opolskiego. Nast\u0119pnie w latach 2017 &#8211; 2020 odbywa\u0142am aplikacj\u0119 radcowsk\u0105 przy Okr\u0119gowej Izbie Radc\u00f3w Prawnych w Katowicach, kt\u00f3r\u0105 uko\u0144czy\u0142am sk\u0142adaj\u0105c egzamin zawodowy z wynikiem pozytywnym, uzyskuj\u0105c jednocze\u015bnie uprawnienia radcy prawnego. Do\u015bwiadczenie zawodowe zdobywa\u0142am ju\u017c w okresie aplikacji radcowskiej, odbywaj\u0105c praktyki w S\u0105dach i Prokuraturze, a nast\u0119pnie pracuj\u0105c w Kancelarii Radcy Prawnego, w kt\u00f3rej prowadzi\u0142am sprawy Klient\u00f3w indywidualnych na etapie post\u0119powania s\u0105dowego oraz egzekucyjnego. Od 2023 r. prowadz\u0119 Kancelari\u0119 Radcy Prawnego w Miko\u0142owie, udzielaj\u0105c pomocy prawnej Klientom oraz wsp\u00f3\u0142pracuj\u0105c z firmami. Posiadam 10-letnie do\u015bwiadczenie w bie\u017c\u0105cej i kompleksowej obs\u0142udze prawnej podmiotu gospodarczego z bran\u017cy medycznej.<\/p>\n","protected":false},"author":1,"featured_media":0,"parent":0,"menu_order":0,"comment_status":"closed","ping_status":"closed","template":"","meta":{"om_disable_all_campaigns":false,"_monsterinsights_skip_tracking":false,"_monsterinsights_sitenote_active":false,"_monsterinsights_sitenote_note":"","_monsterinsights_sitenote_category":0,"_uf_show_specific_survey":0,"_uf_disable_surveys":false,"footnotes":""},"class_list":["post-64","page","type-page","status-publish","hentry"],"aioseo_notices":[],"acf":[],"_links":{"self":[{"href":"https:\/\/kancelariastrzala.pl\/index.php?rest_route=\/wp\/v2\/pages\/64","targetHints":{"allow":["GET"]}}],"collection":[{"href":"https:\/\/kancelariastrzala.pl\/index.php?rest_route=\/wp\/v2\/pages"}],"about":[{"href":"https:\/\/kancelariastrzala.pl\/index.php?rest_route=\/wp\/v2\/types\/page"}],"author":[{"embeddable":true,"href":"https:\/\/kancelariastrzala.pl\/index.php?rest_route=\/wp\/v2\/users\/1"}],"replies":[{"embeddable":true,"href":"https:\/\/kancelariastrzala.pl\/index.php?rest_route=%2Fwp%2Fv2%2Fcomments&post=64"}],"version-history":[{"count":103,"href":"https:\/\/kancelariastrzala.pl\/index.php?rest_route=\/wp\/v2\/pages\/64\/revisions"}],"predecessor-version":[{"id":1009,"href":"https:\/\/kancelariastrzala.pl\/index.php?rest_route=\/wp\/v2\/pages\/64\/revisions\/1009"}],"wp:attachment":[{"href":"https:\/\/kancelariastrzala.pl\/index.php?rest_route=%2Fwp%2Fv2%2Fmedia&parent=64"}],"curies":[{"name":"wp","href":"https:\/\/api.w.org\/{rel}","templated":true}]}}