{"id":90,"date":"2023-08-26T22:29:53","date_gmt":"2023-08-26T20:29:53","guid":{"rendered":"https:\/\/kancelariastrzala.pl\/?page_id=90"},"modified":"2025-12-10T17:56:49","modified_gmt":"2025-12-10T16:56:49","slug":"jak-wyglada-konsultacja","status":"publish","type":"page","link":"https:\/\/kancelariastrzala.pl\/?page_id=90","title":{"rendered":"KONSULTACJA"},"content":{"rendered":"\n<p class=\"has-text-align-center\"><strong>Jak um\u00f3wi\u0107 si\u0119 na konsultacj\u0119?<\/strong><\/p>\n\n\n\n<p>Na konsultacj\u0119 mo\u017cna um\u00f3wi\u0107 si\u0119 w nast\u0119puj\u0105cy spos\u00f3b:<\/p>\n\n\n\n<ul class=\"wp-block-list\">\n<li>telefonicznie &#8211; wysy\u0142aj\u0105c wiadomo\u015b\u0107 lub dzwoni\u0105c pod numer telefonu: <strong>530 090 509<\/strong>,<\/li>\n\n\n\n<li>e-mailowo &#8211; wysy\u0142aj\u0105c wiadomo\u015b\u0107 na adres e-mail: <strong>kancelariastrzala@gmail.com<\/strong><\/li>\n<\/ul>\n\n\n\n<hr class=\"wp-block-separator has-alpha-channel-opacity\"\/>\n\n\n\n<p class=\"has-text-align-center\"><strong>Kiedy mo\u017ce odby\u0107 si\u0119 konsultacja?<\/strong><\/p>\n\n\n\n<p class=\"has-text-align-left\">Konsultacja mo\u017ce odby\u0107 si\u0119 w godzinach otwarcia Kancelarii: <\/p>\n\n\n\n<ul class=\"wp-block-list\">\n<li><strong>od poniedzia\u0142ku do pi\u0105tku &#8211; w godzinach od 9:00 do 17:00<\/strong>.<\/li>\n<\/ul>\n\n\n\n<p class=\"has-text-align-center\"><strong>Z uwagi na obowi\u0105zki zawodowe pe\u0142nione przez radc\u0119 prawnego r\u00f3wnie\u017c poza lokalem Kancelarii, spotkanie mo\u017cliwe jest jedynie po wcze\u015bniejszym ustaleniu terminu konsultacji.<\/strong><\/p>\n\n\n\n<p>Wcze\u015bniejszy kontakt pozwoli na ustalenie najdogodniejszego terminu spotkania, w zale\u017cno\u015bci od potrzeb Klienta oraz mo\u017cliwo\u015bci Kancelarii.<\/p>\n\n\n\n<hr class=\"wp-block-separator has-alpha-channel-opacity\"\/>\n\n\n\n<p class=\"has-text-align-center\"><strong>Gdzie odb\u0119dzie si\u0119 konsultacja?<\/strong><\/p>\n\n\n\n<p>Konsultacja mo\u017ce odby\u0107 si\u0119 w lokalu Kancelarii przy <strong>ul. Pszczy\u0144skiej 25, w Miko\u0142owie (II pi\u0119tro),<\/strong> <strong>w siedzibie Klienta<\/strong> b\u0105d\u017a mo\u017ce mie\u0107 <strong>charakter zdalny.<\/strong><\/p>\n\n\n\n<hr class=\"wp-block-separator has-alpha-channel-opacity\"\/>\n\n\n\n<p class=\"has-text-align-center\"><strong>Jak wygl\u0105da konsultacja?<\/strong><\/p>\n\n\n\n<p><strong>Umawiaj\u0105c si\u0119 na konsultacj\u0119, zostan\u0105 Pa\u0144stwo poinformowani o koszcie, terminie oraz miejscu spotkania.<\/strong> <\/p>\n\n\n\n<p>Konsultacja rozpocznie si\u0119 od przedstawienia problemu prawnego przez Klienta i wsp\u00f3lnej rozmowy, pozwalaj\u0105cej na przybli\u017cenie danej sytuacji i poznanie Pa\u0144stwa potrzeb.<\/p>\n\n\n\n<p>Je\u017celi z uwagi na rodzaj sprawy, Klient dysponuje niezb\u0119dn\u0105 dokumentacj\u0105, uprzejmie prosz\u0119 o przyniesienie jej ze sob\u0105 na konsultacj\u0119.<\/p>\n\n\n\n<p><strong>Konsultacja w \u017cadnym stopniu nie zobowi\u0105zuje do zlecenia prowadzenia danej sprawy<\/strong>.<\/p>\n\n\n\n<p>Spotkanie zako\u0144czy si\u0119 udzieleniem porady prawnej w formie ustnej lub pisemnej.<\/p>\n\n\n\n<p>Istnieje mo\u017cliwo\u015b\u0107 wystawienia <strong>FAKTURY VAT<\/strong>.<\/p>\n\n\n\n<hr class=\"wp-block-separator has-alpha-channel-opacity\"\/>\n\n\n\n<p class=\"has-text-align-center\"><strong>Czy na konsultacji mo\u017cna zleci\u0107 sporz\u0105dzenie konkretnego pisma lub umowy?<\/strong><\/p>\n\n\n\n<p>Oczywi\u015bcie! Je\u017celi b\u0119dziecie Pa\u0144stwo chcieli zleci\u0107 Kancelarii <strong>sporz\u0105dzenie danego dokumentu, jakim b\u0119dzie np. wezwanie do zap\u0142aty, umowa czy pismo kierowane do s\u0105du lub urz\u0119du<\/strong>, mo\u017cna dokona\u0107 tego od razu na konsultacji. W\u00f3wczas, po wst\u0119pnej analizie sprawy i w zale\u017cno\u015bci od jej charakteru, b\u0119d\u0119 mog\u0142a poinformowa\u0107 o ca\u0142kowitym koszcie us\u0142ugi prawnej. <\/p>\n\n\n\n<hr class=\"wp-block-separator has-alpha-channel-opacity\"\/>\n\n\n\n<p class=\"has-text-align-center\"><strong>Sprawy przeds\u0105dowe oraz s\u0105dowe<\/strong><\/p>\n\n\n\n<p>Kancelaria \u015bwiadczy <strong>pomoc prawn\u0105 w sprawach przeds\u0105dowych, jak i s\u0105dowych<\/strong>.  <\/p>\n\n\n\n<p>Gdyby zdecydowali si\u0119 Pa\u0144stwo na powierzenie prowadzenia sprawy, w pierwszej kolejno\u015bci sporz\u0105dz\u0119 odpowiedni\u0105 <strong>wycen\u0119<\/strong>, aby przed przyst\u0105pieniem do \u015bwiadczenia pomocy prawnej, znali Pa\u0144stwo jej cen\u0119 i mogli na spokojnie podj\u0105\u0107 decyzj\u0119 w tym zakresie.<\/p>\n\n\n\n<p>Wsp\u00f3\u0142praca rozpocznie si\u0119 od podpisania umowy, udzielenia odpowiedniego pe\u0142nomocnictwa lub upowa\u017cnienia do obrony. Zatem ju\u017c od samego pocz\u0105tku, b\u0119d\u0105 mogli Pa\u0144stwo zapozna\u0107 si\u0119 ze wszystkimi zasadami, na jakich oparta jest taka wsp\u00f3\u0142praca, w\u0142\u0105cznie z ca\u0142kowitym kosztem prowadzenia sprawy. <\/p>\n\n\n\n<hr class=\"wp-block-separator has-alpha-channel-opacity\"\/>\n\n\n\n<p class=\"has-text-align-center\">We wsp\u00f3\u0142pracy z Klientem stawiam na pe\u0142n\u0105 transparentno\u015b\u0107, zatem je\u017celi maj\u0105 Pa\u0144stwo jakiekolwiek pytania bardzo ch\u0119tnie na nie odpowiem.<\/p>\n\n\n<div class=\"wp-block-image\">\n<figure class=\"aligncenter size-large\"><img loading=\"lazy\" decoding=\"async\" width=\"683\" height=\"1024\" src=\"https:\/\/kancelariastrzala.pl\/wp-content\/uploads\/2024\/03\/Brown-Pastel-Minimalist-Fashion-Tips-Infographic-Pinterest-Pin-1-683x1024.png\" alt=\"\" class=\"wp-image-843\" srcset=\"https:\/\/kancelariastrzala.pl\/wp-content\/uploads\/2024\/03\/Brown-Pastel-Minimalist-Fashion-Tips-Infographic-Pinterest-Pin-1-683x1024.png 683w, https:\/\/kancelariastrzala.pl\/wp-content\/uploads\/2024\/03\/Brown-Pastel-Minimalist-Fashion-Tips-Infographic-Pinterest-Pin-1-200x300.png 200w, https:\/\/kancelariastrzala.pl\/wp-content\/uploads\/2024\/03\/Brown-Pastel-Minimalist-Fashion-Tips-Infographic-Pinterest-Pin-1-768x1152.png 768w, https:\/\/kancelariastrzala.pl\/wp-content\/uploads\/2024\/03\/Brown-Pastel-Minimalist-Fashion-Tips-Infographic-Pinterest-Pin-1.png 1000w\" sizes=\"auto, (max-width: 683px) 100vw, 683px\" \/><\/figure>\n<\/div>","protected":false},"excerpt":{"rendered":"<p>Jak um\u00f3wi\u0107 si\u0119 na konsultacj\u0119? Na konsultacj\u0119 mo\u017cna um\u00f3wi\u0107 si\u0119 w nast\u0119puj\u0105cy spos\u00f3b: Kiedy mo\u017ce odby\u0107 si\u0119 konsultacja? Konsultacja mo\u017ce odby\u0107 si\u0119 w godzinach otwarcia Kancelarii: Z uwagi na obowi\u0105zki zawodowe pe\u0142nione przez radc\u0119 prawnego r\u00f3wnie\u017c poza lokalem Kancelarii, spotkanie mo\u017cliwe jest jedynie po wcze\u015bniejszym ustaleniu terminu konsultacji. Wcze\u015bniejszy kontakt pozwoli na ustalenie najdogodniejszego terminu spotkania, w zale\u017cno\u015bci od potrzeb Klienta oraz mo\u017cliwo\u015bci Kancelarii. Gdzie odb\u0119dzie si\u0119 konsultacja? Konsultacja mo\u017ce odby\u0107 si\u0119 w lokalu Kancelarii przy ul. Pszczy\u0144skiej 25, w Miko\u0142owie (II pi\u0119tro), w siedzibie Klienta b\u0105d\u017a mo\u017ce mie\u0107 charakter zdalny. Jak wygl\u0105da konsultacja? Umawiaj\u0105c si\u0119 na konsultacj\u0119, zostan\u0105 Pa\u0144stwo poinformowani o koszcie, terminie oraz miejscu spotkania. Konsultacja rozpocznie si\u0119 od przedstawienia problemu prawnego przez Klienta i wsp\u00f3lnej rozmowy, pozwalaj\u0105cej na przybli\u017cenie danej sytuacji i poznanie Pa\u0144stwa potrzeb. Je\u017celi z uwagi na rodzaj sprawy, Klient dysponuje niezb\u0119dn\u0105 dokumentacj\u0105, uprzejmie prosz\u0119 o przyniesienie jej ze sob\u0105 na konsultacj\u0119. Konsultacja w \u017cadnym stopniu nie zobowi\u0105zuje do zlecenia prowadzenia danej sprawy. Spotkanie zako\u0144czy si\u0119 udzieleniem porady prawnej w formie ustnej lub pisemnej. Istnieje mo\u017cliwo\u015b\u0107 wystawienia FAKTURY VAT. Czy na konsultacji mo\u017cna zleci\u0107 sporz\u0105dzenie konkretnego pisma lub umowy? Oczywi\u015bcie! Je\u017celi b\u0119dziecie Pa\u0144stwo chcieli zleci\u0107 Kancelarii sporz\u0105dzenie danego dokumentu, jakim b\u0119dzie np. wezwanie do zap\u0142aty, umowa czy pismo kierowane do s\u0105du lub urz\u0119du, mo\u017cna dokona\u0107 tego od razu na konsultacji. W\u00f3wczas, po wst\u0119pnej analizie sprawy i w zale\u017cno\u015bci od jej charakteru, b\u0119d\u0119 mog\u0142a poinformowa\u0107 o ca\u0142kowitym koszcie us\u0142ugi prawnej. Sprawy przeds\u0105dowe oraz s\u0105dowe Kancelaria \u015bwiadczy pomoc prawn\u0105 w sprawach przeds\u0105dowych, jak i s\u0105dowych. Gdyby zdecydowali si\u0119 Pa\u0144stwo na powierzenie prowadzenia sprawy, w pierwszej kolejno\u015bci sporz\u0105dz\u0119 odpowiedni\u0105 wycen\u0119, aby przed przyst\u0105pieniem do \u015bwiadczenia pomocy prawnej, znali Pa\u0144stwo jej cen\u0119 i mogli na spokojnie podj\u0105\u0107 decyzj\u0119 w tym zakresie. Wsp\u00f3\u0142praca rozpocznie si\u0119 od podpisania umowy, udzielenia odpowiedniego pe\u0142nomocnictwa lub upowa\u017cnienia do obrony. Zatem ju\u017c od samego pocz\u0105tku, b\u0119d\u0105 mogli Pa\u0144stwo zapozna\u0107 si\u0119 ze wszystkimi zasadami, na jakich oparta jest taka wsp\u00f3\u0142praca, w\u0142\u0105cznie z ca\u0142kowitym kosztem prowadzenia sprawy. We wsp\u00f3\u0142pracy z Klientem stawiam na pe\u0142n\u0105 transparentno\u015b\u0107, zatem je\u017celi maj\u0105 Pa\u0144stwo jakiekolwiek pytania bardzo ch\u0119tnie na nie odpowiem.<\/p>\n","protected":false},"author":1,"featured_media":0,"parent":0,"menu_order":0,"comment_status":"closed","ping_status":"closed","template":"","meta":{"om_disable_all_campaigns":false,"_monsterinsights_skip_tracking":false,"_monsterinsights_sitenote_active":false,"_monsterinsights_sitenote_note":"","_monsterinsights_sitenote_category":0,"_uf_show_specific_survey":0,"_uf_disable_surveys":false,"footnotes":""},"class_list":["post-90","page","type-page","status-publish","hentry"],"aioseo_notices":[],"acf":[],"_links":{"self":[{"href":"https:\/\/kancelariastrzala.pl\/index.php?rest_route=\/wp\/v2\/pages\/90","targetHints":{"allow":["GET"]}}],"collection":[{"href":"https:\/\/kancelariastrzala.pl\/index.php?rest_route=\/wp\/v2\/pages"}],"about":[{"href":"https:\/\/kancelariastrzala.pl\/index.php?rest_route=\/wp\/v2\/types\/page"}],"author":[{"embeddable":true,"href":"https:\/\/kancelariastrzala.pl\/index.php?rest_route=\/wp\/v2\/users\/1"}],"replies":[{"embeddable":true,"href":"https:\/\/kancelariastrzala.pl\/index.php?rest_route=%2Fwp%2Fv2%2Fcomments&post=90"}],"version-history":[{"count":48,"href":"https:\/\/kancelariastrzala.pl\/index.php?rest_route=\/wp\/v2\/pages\/90\/revisions"}],"predecessor-version":[{"id":991,"href":"https:\/\/kancelariastrzala.pl\/index.php?rest_route=\/wp\/v2\/pages\/90\/revisions\/991"}],"wp:attachment":[{"href":"https:\/\/kancelariastrzala.pl\/index.php?rest_route=%2Fwp%2Fv2%2Fmedia&parent=90"}],"curies":[{"name":"wp","href":"https:\/\/api.w.org\/{rel}","templated":true}]}}