{"id":901,"date":"2024-04-08T13:14:50","date_gmt":"2024-04-08T11:14:50","guid":{"rendered":"https:\/\/kancelariastrzala.pl\/?page_id=901"},"modified":"2024-04-08T13:14:51","modified_gmt":"2024-04-08T11:14:51","slug":"rodo","status":"publish","type":"page","link":"https:\/\/kancelariastrzala.pl\/?page_id=901","title":{"rendered":"RODO"},"content":{"rendered":"\n<p class=\"has-text-align-center\"><strong>KLAUZULA INFORMACYJNA RODO<\/strong><\/p>\n\n\n\n<p>Zgodnie z art. 13 ust. 1 i 2 Rozporz\u0105dzenia Parlamentu Europejskiego i Rady (UE) 2016\/679 z dnia 27 kwietnia 2016 r. w sprawie ochrony os\u00f3b fizycznych w zwi\u0105zku z przetwarzaniem danych osobowych i w sprawie swobodnego przep\u0142ywu takich danych oraz uchylenia dyrektywy 95\/46\/WE (og\u00f3lne rozporz\u0105dzenie o ochronie danych), tzw. RODO informuj\u0119, \u017ce:<\/p>\n\n\n\n<p><strong>I. Administrator danych:<\/strong><\/p>\n\n\n\n<p>Administratorem danych osobowych jest Agata Strza\u0142a, prowadz\u0105ca dzia\u0142alno\u015b\u0107 gospodarcz\u0105 pod firm\u0105 Kancelaria Radcy Prawnego Agata Strza\u0142a z siedzib\u0105 w Miko\u0142owie 43-190 przy ul. Pszczy\u0144skiej 25, NIP: 6351866432 tel.: +48 530 090 509, adres e-mail: kancelariastrzala@gmail.com<\/p>\n\n\n\n<p><strong>II. Cele przetwarzania danych osobowych:<\/strong><\/p>\n\n\n\n<p>Przetwarzanie danych osobowych odbywa si\u0119 wy\u0142\u0105cznie w celu wykonywania czynno\u015bci radcowskich, w postaci \u015bwiadczenia us\u0142ug doradztwa prawnego.<\/p>\n\n\n\n<p><strong>III. Podstawa prawna przetwarzania danych osobowych:<\/strong><\/p>\n\n\n\n<p>Dane osobowe s\u0105 przetwarzane na podstawie art. 6 ust 1 lit. b, c, f RODO:<\/p>\n\n\n\n<ul class=\"wp-block-list\">\n<li>przetwarzanie jest niezb\u0119dne do wykonania umowy, kt\u00f3rej stron\u0105 jest osoba, kt\u00f3rej dane dotycz\u0105 lub do podj\u0119cia dzia\u0142a\u0144 na \u017c\u0105danie osoby, kt\u00f3rej dane dotycz\u0105, przed zawarciem umowy;<\/li>\n\n\n\n<li>przetwarzanie jest niezb\u0119dne do wype\u0142nienia obowi\u0105zku prawnego ci\u0105\u017c\u0105cego na administratorze, w szczeg\u00f3lno\u015bci w zakresie obowi\u0105zk\u00f3w podatkowych i ksi\u0119gowych;<\/li>\n\n\n\n<li>w celach windykacyjnych jako realizacja prawnie uzasadnionego interesu administratora;<\/li>\n\n\n\n<li>w celu prowadzenia korespondencji, w tym tak\u017ce elektronicznej jako realizacja prawnie uzasadnionego interesu administratora.<\/li>\n<\/ul>\n\n\n\n<p><strong>IV. Odbiorcy danych osobowych:<\/strong><\/p>\n\n\n\n<p>Dost\u0119p do danych osobowych maj\u0105 jedynie osoby upowa\u017cnione, tj. upowa\u017cnieni pracownicy, wsp\u00f3\u0142pracownicy, podwykonawcy w celu realizacji swoich obowi\u0105zk\u00f3w s\u0142u\u017cbowych, a tak\u017ce podmioty \u015bwiadcz\u0105ce us\u0142ugi informatyczne, ksi\u0119gowe, hostingowe oraz w zakresie \u015bwiadczenia us\u0142ug zwi\u0105zanych z utrzymaniem poczty elektronicznej.<\/p>\n\n\n\n<p><strong>V. Przekazywanie danych osobowych do pa\u0144stwa trzecich lub organizacji mi\u0119dzynarodowych:<\/strong><\/p>\n\n\n\n<p>Dane osobowe nie s\u0105 przekazywane do pa\u0144stwa trzeciego lub organizacji mi\u0119dzynarodowych.<\/p>\n\n\n\n<p><strong>VI. Okres przechowywania danych osobowych:<\/strong><\/p>\n\n\n\n<p>Dane osobowe b\u0119d\u0105 przetwarzane przez 10 lat od ko\u0144ca roku, w kt\u00f3rym zako\u0144czy\u0142o si\u0119 post\u0119powanie, w kt\u00f3rym dane osobowe zosta\u0142y zgromadzone w zakresie danych przetwarzanych w ramach wykonywania zawodu radcy prawnego.<\/p>\n\n\n\n<p>W pozosta\u0142ych przypadkach dane osobowe b\u0119d\u0105 przetwarzane tak d\u0142ugo, jak wymagaj\u0105 tego odpowiednie przepisy prawa, w szczeg\u00f3lno\u015bci podatkowe i rachunkowe oraz tak d\u0142ugo jak jest to niezb\u0119dne do ustalenia, dochodzenia lub obrony roszcze\u0144.<\/p>\n\n\n\n<p><strong>VII. Prawa osoby, kt\u00f3rej dane dotycz\u0105:<\/strong><\/p>\n\n\n\n<p>Przys\u0142uguje Pa\u0144stwu prawo do:<\/p>\n\n\n\n<ul class=\"wp-block-list\">\n<li>dost\u0119pu do danych osobowych, o ile jego realizacja nie narusza obowi\u0105zku zachowania tajemnicy przez radc\u0119 prawnego (art. 15 ust. 1 RODO),<\/li>\n\n\n\n<li>otrzymania kopii danych osobowych, o ile jego realizacja nie narusza obowi\u0105zku zachowania tajemnicy przez radc\u0119 prawnego (art. 15 ust. 3 RODO),<\/li>\n\n\n\n<li>sprostowania lub uaktualnienia danych osobowych (art. 16 RODO),<\/li>\n\n\n\n<li>usuni\u0119cia danych osobowych \u2013 je\u017celi Pa\u0144stwa zdaniem nie ma podstaw do tego, aby administrator przetwarza\u0142 Pa\u0144stwa dane, mo\u017cecie Pa\u0144stwo \u017c\u0105da\u0107 aby administrator je usun\u0105\u0142 za wyj\u0105tkiem sytuacji, w kt\u00f3rych obowi\u0105zek przetwarzania danych osobowych wynika z przepisu prawa lub przetwarzanie danych jest niezb\u0119dne do dochodzenia, ustalenia lub obrony roszcze\u0144 (art. 17 RODO),<\/li>\n\n\n\n<li>ograniczenia przetwarzania danych osobowych, o ile jego realizacja nie narusza obowi\u0105zku zachowania tajemnicy przez radc\u0119 prawnego (art. 18 RODO),<\/li>\n\n\n\n<li>przenoszenia swoich danych osobowych, tj. do otrzymania od administratora informacji o przetwarzanych danych osobowych, w ustrukturyzowanym, powszechnie u\u017cywanym formacie nadaj\u0105cym si\u0119 do odczytu maszynowego wy\u0142\u0105cznie w zakresie, w jakim dane osobowe s\u0105 przetwarzane w celu zawarcia i wykonywania umowy i s\u0105 przetwarzane w spos\u00f3b zautomatyzowany (art. 20 RODO),<\/li>\n\n\n\n<li>wniesienia skargi do Prezesa Urz\u0119du Ochrony Danych Osobowych, gdy uznaj\u0105 Pa\u0144stwo, i\u017c przetwarzanie Pani\/Pana danych osobowych narusza przepisy RODO.<\/li>\n<\/ul>\n\n\n\n<p>W przypadku, gdy podstaw\u0105 przetwarzania danych osobowych jest prawnie uzasadniony interes administratora, przys\u0142uguje prawo do wniesienia sprzeciwu wobec przetwarzania danych osobowych (art. 21 RODO), za wyj\u0105tkiem danych osobowych pozyskanych przez administratora w zwi\u0105zku z udzielaniem pomocy prawnej.<\/p>\n\n\n\n<p><a><\/a> W celu skorzystania z przys\u0142uguj\u0105cych praw, nale\u017cy kontaktowa\u0107 si\u0119 z administratorem pod adresem e-mail: <a href=\"mailto:kancelarisstrzala@gmail.com\">kancelariastrzala@gmail.com<\/a>, pod numerem telefonu: +48 530 090 509 lub listownie na adres siedziby Kancelarii wskazany w punkcie I.<\/p>\n\n\n\n<p><strong>VIII. Informacja o obowi\u0105zku podania danych osobowych i skutkach ich niepodania:<\/strong><\/p>\n\n\n\n<p>Podanie danych osobowych jest dobrowolne w celu zawarcia i wykonania umowy oraz w celu realizacji prawnie uzasadnionego interesu administratora.<\/p>\n\n\n\n<p>W pozosta\u0142ych przypadkach podanie danych jest obowi\u0105zkowe, w szczeg\u00f3lno\u015bci gdy wymaga tego spe\u0142nienie obowi\u0105zku prawnego ci\u0105\u017c\u0105cego na administratorze.<\/p>\n\n\n\n<p><strong>IX. Profilowanie:<\/strong><\/p>\n\n\n\n<p>Dane osobowe nie s\u0105 wykorzystywane w celu zautomatyzowanego podejmowania decyzji, w tym profilowania.<\/p>\n","protected":false},"excerpt":{"rendered":"<p>KLAUZULA INFORMACYJNA RODO Zgodnie z art. 13 ust. 1 i 2 Rozporz\u0105dzenia Parlamentu Europejskiego i Rady (UE) 2016\/679 z dnia 27 kwietnia 2016 r. w sprawie ochrony os\u00f3b fizycznych w zwi\u0105zku z przetwarzaniem danych osobowych i w sprawie swobodnego przep\u0142ywu takich danych oraz uchylenia dyrektywy 95\/46\/WE (og\u00f3lne rozporz\u0105dzenie o ochronie danych), tzw. RODO informuj\u0119, \u017ce: I. Administrator danych: Administratorem danych osobowych jest Agata Strza\u0142a, prowadz\u0105ca dzia\u0142alno\u015b\u0107 gospodarcz\u0105 pod firm\u0105 Kancelaria Radcy Prawnego Agata Strza\u0142a z siedzib\u0105 w Miko\u0142owie 43-190 przy ul. Pszczy\u0144skiej 25, NIP: 6351866432 tel.: +48 530 090 509, adres e-mail: kancelariastrzala@gmail.com II. Cele przetwarzania danych osobowych: Przetwarzanie danych osobowych odbywa si\u0119 wy\u0142\u0105cznie w celu wykonywania czynno\u015bci radcowskich, w postaci \u015bwiadczenia us\u0142ug doradztwa prawnego. III. Podstawa prawna przetwarzania danych osobowych: Dane osobowe s\u0105 przetwarzane na podstawie art. 6 ust 1 lit. b, c, f RODO: IV. Odbiorcy danych osobowych: Dost\u0119p do danych osobowych maj\u0105 jedynie osoby upowa\u017cnione, tj. upowa\u017cnieni pracownicy, wsp\u00f3\u0142pracownicy, podwykonawcy w celu realizacji swoich obowi\u0105zk\u00f3w s\u0142u\u017cbowych, a tak\u017ce podmioty \u015bwiadcz\u0105ce us\u0142ugi informatyczne, ksi\u0119gowe, hostingowe oraz w zakresie \u015bwiadczenia us\u0142ug zwi\u0105zanych z utrzymaniem poczty elektronicznej. V. Przekazywanie danych osobowych do pa\u0144stwa trzecich lub organizacji mi\u0119dzynarodowych: Dane osobowe nie s\u0105 przekazywane do pa\u0144stwa trzeciego lub organizacji mi\u0119dzynarodowych. VI. Okres przechowywania danych osobowych: Dane osobowe b\u0119d\u0105 przetwarzane przez 10 lat od ko\u0144ca roku, w kt\u00f3rym zako\u0144czy\u0142o si\u0119 post\u0119powanie, w kt\u00f3rym dane osobowe zosta\u0142y zgromadzone w zakresie danych przetwarzanych w ramach wykonywania zawodu radcy prawnego. W pozosta\u0142ych przypadkach dane osobowe b\u0119d\u0105 przetwarzane tak d\u0142ugo, jak wymagaj\u0105 tego odpowiednie przepisy prawa, w szczeg\u00f3lno\u015bci podatkowe i rachunkowe oraz tak d\u0142ugo jak jest to niezb\u0119dne do ustalenia, dochodzenia lub obrony roszcze\u0144. VII. Prawa osoby, kt\u00f3rej dane dotycz\u0105: Przys\u0142uguje Pa\u0144stwu prawo do: W przypadku, gdy podstaw\u0105 przetwarzania danych osobowych jest prawnie uzasadniony interes administratora, przys\u0142uguje prawo do wniesienia sprzeciwu wobec przetwarzania danych osobowych (art. 21 RODO), za wyj\u0105tkiem danych osobowych pozyskanych przez administratora w zwi\u0105zku z udzielaniem pomocy prawnej. W celu skorzystania z przys\u0142uguj\u0105cych praw, nale\u017cy kontaktowa\u0107 si\u0119 z administratorem pod adresem e-mail: kancelariastrzala@gmail.com, pod numerem telefonu: +48 530 090 509 lub listownie na adres siedziby Kancelarii wskazany w punkcie I. VIII. Informacja o obowi\u0105zku podania danych osobowych i skutkach ich niepodania: Podanie danych osobowych jest dobrowolne w celu zawarcia i wykonania umowy oraz w celu realizacji prawnie uzasadnionego interesu administratora. W pozosta\u0142ych przypadkach podanie danych jest obowi\u0105zkowe, w szczeg\u00f3lno\u015bci gdy wymaga tego spe\u0142nienie obowi\u0105zku prawnego ci\u0105\u017c\u0105cego na administratorze. IX. Profilowanie: Dane osobowe nie s\u0105 wykorzystywane w celu zautomatyzowanego podejmowania decyzji, w tym profilowania.<\/p>\n","protected":false},"author":1,"featured_media":0,"parent":0,"menu_order":0,"comment_status":"closed","ping_status":"closed","template":"","meta":{"om_disable_all_campaigns":false,"_monsterinsights_skip_tracking":false,"_monsterinsights_sitenote_active":false,"_monsterinsights_sitenote_note":"","_monsterinsights_sitenote_category":0,"_uf_show_specific_survey":0,"_uf_disable_surveys":false,"footnotes":""},"class_list":["post-901","page","type-page","status-publish","hentry"],"aioseo_notices":[],"acf":[],"_links":{"self":[{"href":"https:\/\/kancelariastrzala.pl\/index.php?rest_route=\/wp\/v2\/pages\/901","targetHints":{"allow":["GET"]}}],"collection":[{"href":"https:\/\/kancelariastrzala.pl\/index.php?rest_route=\/wp\/v2\/pages"}],"about":[{"href":"https:\/\/kancelariastrzala.pl\/index.php?rest_route=\/wp\/v2\/types\/page"}],"author":[{"embeddable":true,"href":"https:\/\/kancelariastrzala.pl\/index.php?rest_route=\/wp\/v2\/users\/1"}],"replies":[{"embeddable":true,"href":"https:\/\/kancelariastrzala.pl\/index.php?rest_route=%2Fwp%2Fv2%2Fcomments&post=901"}],"version-history":[{"count":3,"href":"https:\/\/kancelariastrzala.pl\/index.php?rest_route=\/wp\/v2\/pages\/901\/revisions"}],"predecessor-version":[{"id":905,"href":"https:\/\/kancelariastrzala.pl\/index.php?rest_route=\/wp\/v2\/pages\/901\/revisions\/905"}],"wp:attachment":[{"href":"https:\/\/kancelariastrzala.pl\/index.php?rest_route=%2Fwp%2Fv2%2Fmedia&parent=901"}],"curies":[{"name":"wp","href":"https:\/\/api.w.org\/{rel}","templated":true}]}}